{"id":42,"date":"2021-03-21T22:09:50","date_gmt":"2021-03-22T01:09:50","guid":{"rendered":"https:\/\/somosmaes.org.br\/loja\/?post_type=product&#038;p=42"},"modified":"2021-04-02T19:33:56","modified_gmt":"2021-04-02T22:33:56","slug":"curso-de-gestantes-para-duas-pessoas","status":"publish","type":"product","link":"https:\/\/somosmaes.org.br\/loja\/produto\/curso-de-gestantes-para-duas-pessoas\/","title":{"rendered":"Curso de Gestantes para duas pessoas"},"content":{"rendered":"","protected":false},"excerpt":{"rendered":"<p>Voc\u00ea est\u00e1 comprando <strong>dois ingressos<\/strong>\u00a0para o <strong>Curso de Gestantes do Somos M\u00e3es<\/strong> \u00e9 o primeiro passo da fam\u00edlia neste universo de informa\u00e7\u00f5es. com palestras te\u00f3ricas e pr\u00e1ticas o curso traz rica programa\u00e7\u00e3o envolvendo os principais dilemas dos pais de primeira viagem. Saiba tudo sobre o curso <strong><a href=\"https:\/\/somosmaes.org.br\/curso-de-gestantes\/\" target=\"_blank\" rel=\"noopener\">aqui<\/a><\/strong>.<\/p>\n","protected":false},"featured_media":54,"comment_status":"open","ping_status":"closed","template":"","meta":[],"class_list":["post-42","product","type-product","status-publish","has-post-thumbnail","hentry","product_cat-cursos-e-palestras"],"_links":{"self":[{"href":"https:\/\/somosmaes.org.br\/loja\/wp-json\/wp\/v2\/product\/42","targetHints":{"allow":["GET"]}}],"collection":[{"href":"https:\/\/somosmaes.org.br\/loja\/wp-json\/wp\/v2\/product"}],"about":[{"href":"https:\/\/somosmaes.org.br\/loja\/wp-json\/wp\/v2\/types\/product"}],"replies":[{"embeddable":true,"href":"https:\/\/somosmaes.org.br\/loja\/wp-json\/wp\/v2\/comments?post=42"}],"wp:featuredmedia":[{"embeddable":true,"href":"https:\/\/somosmaes.org.br\/loja\/wp-json\/wp\/v2\/media\/54"}],"wp:attachment":[{"href":"https:\/\/somosmaes.org.br\/loja\/wp-json\/wp\/v2\/media?parent=42"}],"curies":[{"name":"wp","href":"https:\/\/api.w.org\/{rel}","templated":true}]}}